{"id":52,"date":"2018-09-23T20:00:22","date_gmt":"2018-09-23T19:00:22","guid":{"rendered":"http:\/\/www.waentig.de\/?page_id=52"},"modified":"2018-09-27T22:06:39","modified_gmt":"2018-09-27T21:06:39","slug":"home","status":"publish","type":"page","link":"https:\/\/www.waentig.de\/","title":{"rendered":"Willkommen&#8230;"},"content":{"rendered":"<p>&#8230; auf meiner privaten Homepage.<\/p>\n<p>Wenn Sie dienstliche Informationen ben\u00f6tigen, besuchen Sie bitte die Seite des <a title=\"Schulhomepage\" href=\"http:\/\/gymnasium-tiergarten.de\" target=\"_blank\" rel=\"noopener\">Gymnasiums Tiergarten<\/a>. bzw. die der <a title=\"Schulpraktische Ausbildung in Berlin\" href=\"http:\/\/sps.be.lo-net2.de\/info\/.ws_gen\/?125\" target=\"_blank\" rel=\"noopener\">Senatsverwaltung f\u00fcr Bildung, Jugend und Familie<\/a>.<\/p>\n<p>Wenn Sie sich \u00fcber meine wissenschaftliche T\u00e4tigkeit informieren m\u00f6chten, w\u00e4hlen Sie bitte die Seite &#8222;<a href=\"http:\/\/www.waentig.de\/?page_id=10\">Wissenschaft<\/a>&#8222;.<\/p>\n<p>Private Mitteilungen und Inhalte finden sich (passwortgesch\u00fctzt) unter &#8222;<a href=\"http:\/\/www.waentig.de\/?page_id=12\">Leben<\/a>&#8222;.<\/p>\n<p>Kontaktdaten finden sich im <a href=\"http:\/\/www.waentig.de\/?page_id=16\">Impressum<\/a>.<\/p>\n<p>&nbsp;<\/p>\n","protected":false},"excerpt":{"rendered":"<p>&#8230; auf meiner privaten Homepage. Wenn Sie dienstliche Informationen ben\u00f6tigen, besuchen Sie bitte die Seite des Gymnasiums Tiergarten. bzw. die der Senatsverwaltung f\u00fcr Bildung, Jugend und Familie. Wenn Sie sich \u00fcber meine wissenschaftliche T\u00e4tigkeit informieren m\u00f6chten, w\u00e4hlen Sie bitte die Seite &#8222;Wissenschaft&#8222;. Private Mitteilungen und Inhalte finden sich (passwortgesch\u00fctzt) unter &#8222;Leben&#8222;. Kontaktdaten finden sich im [&hellip;]<\/p>\n","protected":false},"author":1,"featured_media":0,"parent":0,"menu_order":0,"comment_status":"open","ping_status":"open","template":"","meta":{"footnotes":""},"class_list":["post-52","page","type-page","status-publish","hentry"],"_links":{"self":[{"href":"https:\/\/www.waentig.de\/index.php?rest_route=\/wp\/v2\/pages\/52"}],"collection":[{"href":"https:\/\/www.waentig.de\/index.php?rest_route=\/wp\/v2\/pages"}],"about":[{"href":"https:\/\/www.waentig.de\/index.php?rest_route=\/wp\/v2\/types\/page"}],"author":[{"embeddable":true,"href":"https:\/\/www.waentig.de\/index.php?rest_route=\/wp\/v2\/users\/1"}],"replies":[{"embeddable":true,"href":"https:\/\/www.waentig.de\/index.php?rest_route=%2Fwp%2Fv2%2Fcomments&post=52"}],"version-history":[{"count":11,"href":"https:\/\/www.waentig.de\/index.php?rest_route=\/wp\/v2\/pages\/52\/revisions"}],"predecessor-version":[{"id":95,"href":"https:\/\/www.waentig.de\/index.php?rest_route=\/wp\/v2\/pages\/52\/revisions\/95"}],"wp:attachment":[{"href":"https:\/\/www.waentig.de\/index.php?rest_route=%2Fwp%2Fv2%2Fmedia&parent=52"}],"curies":[{"name":"wp","href":"https:\/\/api.w.org\/{rel}","templated":true}]}}