{"id":10,"date":"2018-09-23T20:00:41","date_gmt":"2018-09-23T19:00:41","guid":{"rendered":"http:\/\/www.waentig.de\/?page_id=10"},"modified":"2018-09-27T22:12:19","modified_gmt":"2018-09-27T21:12:19","slug":"wissenschaft","status":"publish","type":"page","link":"https:\/\/www.waentig.de\/?page_id=10","title":{"rendered":"Wissenschaft"},"content":{"rendered":"<p><strong>Aktuelles Projekt<\/strong><\/p>\n<p>&#8212;<\/p>\n<p><strong>Letzte Projekte<\/strong><\/p>\n<p>Kooperation mit dem Stadtmuseum Berlin (Landesmuseum f\u00fcr Kultur und Geschichte Berlins) zur Vermittlung von Stadtgeschichte(n) aus dem Barock mit und f\u00fcr Jugendliche der Gegenwart (Ausstellung:\u00a0<a href=\"https:\/\/www.stadtmuseum.de\/ausstellungen\/schloss-stadt-berlin\" target=\"_blank\" rel=\"noopener\">Schloss.Stadt.Berlin.<\/a>) &#8211; Berlin 2017<\/p>\n<p>Kooperation mit dem Stadtmuseum Berlin (Landesmuseum f\u00fcr Kultur und Geschichte Berlins) zu Frauengeschichte und Oral History in Berlin-Moabit (Ausstellung: <a href=\"https:\/\/www.stadtmuseum.de\/ausstellungen\/berlin-stadt-der-frauen\" target=\"_blank\" rel=\"noopener\">Berlin &#8211; Stadt der Frauen<\/a>) &#8211; Berlin 2016.<\/p>\n<p>Kooperation mit dem Stadtmuseum Berlin (Landesmuseum f\u00fcr Kultur und Geschichte Berlins) zu Westberlin in den 1950er- und 1960er-Jahren (Berlin 2014\/15).<\/p>\n<p>Kooperation mit dem Stadtmuseum Berlin im Rahmen des Themenjahres &#8222;Zerst\u00f6rte Vielfalt \u2013 Berlin in der Zeit des Nationalsozialismus&#8220; (Berlin 2013).<\/p>\n<p>Seminar: Identit\u00e9s, appartenances, territoires: le Saint-Empire \u00e0 l&#8217;\u00e9poque moderne (Vortrag, Paris 2012).<\/p>\n<p>Tagung: 375 Jahre Prager Friede und der Traditionsrezess 1635\/1636 (Zittau 2011)<\/p>\n<p><strong>Ver\u00f6ffentlichungen<\/strong><\/p>\n<p><span style=\"color: #999999;\"><strong>Monographie<\/strong><\/span><\/p>\n<p>Grenzerfahrungen. B\u00f6hmische Exulanten im 17. Jahrhundert (Konflikte und Kultur 14), Konstanz 2007.<\/p>\n<p><span style=\"color: #999999;\"><strong>Aufs\u00e4tze<\/strong><\/span><\/p>\n<p>&#8222;Exulanten&#8220; aus dem b\u00f6hmischen Niederland in den angrenzenden Gebieten Kursachsens und der Oberlausitz, in: Michaela Hrub\u00e1 (Hrsg.), V\u00edra nebo vl\u00e1st? Exil v \u010desk\u00fdch d\u011bjin\u00e1ch ran\u00e9ho novov\u011bku, \u00dast\u00ed nad Labem 2001, S. 107-116.<\/p>\n<p>Im Brennpunkt der Fr\u00fchneuzeitgeschichte &#8211; Exulanten im b\u00f6hmisch-s\u00e4chsischen Grenzraum des 17. Jahrhunderts, in: Helena Pavli\u010dkov\u00e1, Zden\u011bk Radvanovsk\u00fd (Hrsg.), Perspektivy mlad\u00e9 generace pro Evropu. \u010cesko-n\u011bmeck\u00e9 vztahy v prac\u00edch student\u016f, Prag\/M\u00fcnchen\/\u00dast\u00ed nad Labem 2002, S. 96-102.<\/p>\n<p>&#8222;&#8230; da\u00df die St\u00e4nde in Ober-Lausitz in ihren Voto in Acht genommen werden&#8220;. Die Landst\u00e4nde der Oberlausitz k\u00e4mpfen um die Gleichberechtigung als b\u00f6hmisches Kronland, in: Landtagskurier Freistaat Sachsen, 2003, Heft 4 und 5.<\/p>\n<p>&#8222;Da sie nicht wollten zweien Herren verpflichtet sein&#8220;. Der Landtag der Oberlausitz zwischen B\u00f6hmen und Sachsen, in: Landtagskurier Freistaat Sachsen, 2004, Heft 1 und 2.<\/p>\n<p>Zwischen B\u00f6hmen und Sachsen, zwischen Religion und Alltagswahrnehmung \u2013 die Mikrogeschichte fr\u00fchneuzeitlicher Konfessionsmigration als Geschichte von Grenzerfahrungen und Grenz\u00fcberschreitungen, in: Comparativ 14 (2004) 4, S. 17-27.<\/p>\n<p>Kurs\u00e4chsische Exulantenaufnahme im 17. Jahrhundert. Zwischen zentraler Dresdner Politik und lebensweltlicher Bindung lokaler Machttr\u00e4ger an der Grenze, in: Neues Archiv f\u00fcr S\u00e4chsische Geschichte 74\/75 (2004), S. 133-174.<\/p>\n<p>Vom Raunen und Staunen angesichts der gro\u00dfen Namen, oder: Das Leben der Medickianer in der Welt, in: Der Medickus. Sammlung wunderlicher Gedancken\/ Historien und allerhand n\u00fctzlicher Dinge\/ F\u00fcr den hochwohll\u00f6blichen Magister und Historienschreiber\/ Zusammengestellet von einer Fruchtbringenden Gesellschafft [Festschrift f\u00fcr Hans Medick], Erfurt 2004, S. 127-137.<\/p>\n<p>Der Weg ins Exil &#8211; der Weg in den Mythos. B\u00f6hmische Emigranten als &#8222;Exulanten&#8220; in der oberlausitzischen Geschichte und Historiographie, in: Joachim Bahlcke (Hrsg.), Die Oberlausitz im fr\u00fchneuzeitlichen Mitteleuropa. Beziehungen &#8211; Strukturen &#8211; Prozesse, Stuttgart 2007, S. 191-217.<\/p>\n<p>Der Taufbrunnen jenseits der Grenze. Alltagserfahrung, kirchliche Praxis und religi\u00f6se Flucht im b\u00f6hmisch-s\u00e4chsisch-oberlausitzischen Grenzraum des 17. Jahrhunderts, in:\u00a0Joachim Bahlcke\/Rainer Bendel (Hg): Migration und kirchliche Praxis. Das religi\u00f6se Leben fr\u00fchneuzeitlicher Glaubensfl\u00fcchtlinge in alltagsgeschichtlicher Perspektive, K\u00f6ln-Wien 2007, S. 203-222.<\/p>\n<p>Alltag, Religion und Raumwahrnehmung \u2013 der b\u00f6hmisch-s\u00e4chsische Grenzraum in den Migrationen des 17. Jahrhunderts, in: Milo\u0161 \u0158ezn\u00edk (Hg.): Grenzraum und Transfer. Perspektiven der Geschichtswissenschaf in Sachsen und Tschechien, Berlin 2007, S. 69-82.<\/p>\n<p>Politische Rhetorik, religi\u00f6se Praxis, konfessionelle Identit\u00e4t \u2013 der Majest\u00e4tsbrief in seinen Wirkungen an der Peripherie des K\u00f6nigreichs B\u00f6hmen, in: Jaroslava Hausenblasov\u00e1\/Ji\u0159\u00ed Mikulec\/Martina Thomsen (Hrsg.): Religion und Politik im fr\u00fchneuzeitlichen B\u00f6hmen. Der Majest\u00e4tsbrief Kaiser Rudolfs II. von 1609, Stuttgart 2014, S. 161-170.<\/p>\n<p>Frieden im gro\u00dfen Krieg \u2013 Entscheidung in der konfessionellen Herausforderung? B\u00f6hmische Protestanten zwischen Exil und religi\u00f6ser Alltagsgestaltung, in: 375 Jahre Prager Friede und der Traditionsrezess 1635\/1636, erscheint 2016.<\/p>\n<p><span style=\"color: #999999;\"><strong>Rezensionen<\/strong><\/span><\/p>\n<p>Rezension: Lenka Bobkov\u00e1, Exulanti z Prahy a severoz\u00e1padn\u00edch \u010cech v Pirn\u011b v letech 1621-1639 (Prag 1999), in: Neues Archiv f\u00fcr S\u00e4chsische Geschichte 71(2001), S. 327-329.<\/p>\n<p>Rezension: Silke Marburg\/Josef Matzerath (Hrsg.), Der Schritt in die Moderne. S\u00e4chsischer Adel zwischen 1763 und 1918 (K\u00f6ln\/Weimar\/Wien 2001), in: H-Soz-u-Kult, 25.02.2002, <a href=\"https:\/\/hsozkult.geschichte.hu-berlin.de\/rezensionen\/NG-2002-022\">http:\/\/hsozkult.geschichte.hu-berlin.de\/rezensionen\/NG-2002-022<\/a>.<\/p>\n<p>Rezension: Katrin Keller, Landesgeschichte Sachsen (Stuttgart 2002), in: H-Soz-u-Kult, 08.07.2003, <a href=\"https:\/\/hsozkult.geschichte.hu-berlin.de\/rezensionen\/id=2275\">http:\/\/hsozkult.geschichte.hu-berlin.de\/rezensionen\/id=2275<\/a>.<\/p>\n<p>Rezension: Markus Cerman\/Hermann Zeitlhofer (Hrsg.), Soziale Strukturen in B\u00f6hmen. Ein regionaler Vergleich von Wirtschaft und Gesellschaft in Gutsherrschaften, 16.-19. Jahrhundert (Wien, M\u00fcnchen 2002), in: H-Soz-u-Kult, 28.10.2003, <a href=\"https:\/\/hsozkult.geschichte.hu-berlin.de\/rezensionen\/id=2681\">http:\/\/hsozkult.geschichte.hu-berlin.de\/rezensionen\/id=2681<\/a>.<\/p>\n<p>Rezension: Eduard Maur, Gutsherrschaft und &#8222;zweite Leibeigenschaft&#8220; in B\u00f6hmen. Studien zur Wirtschafts-, Sozial- und Bev\u00f6lkerungsgeschichte, 14.-18. Jahrhundert (Wien\/M\u00fcnchen 2001), in: Neues Archiv f\u00fcr S\u00e4chsische Geschichte 73(2003).<\/p>\n<p>Rezension: Friedrich Naumann (Hrsg.), S\u00e4chsisch-b\u00f6hmische Beziehungen im 16. Jahrhundert. Sasko-\u010desk\u00e9 vztahy v 16. stolet\u00ed (Chemnitz 2001), in: Neues Archiv f\u00fcr S\u00e4chsische Geschichte 73(2003).<\/p>\n<p>Rezension: Frank Metasch, Exulanten in Dresden. Einwanderung und Integration von Glaubensfl\u00fcchtlingen im 17. und 18. Jahrhundert (Leipzig 2011), in: Neues Archiv f\u00fcr S\u00e4chsische Geschichte 86(2015).<\/p>\n","protected":false},"excerpt":{"rendered":"<p>Aktuelles Projekt &#8212; Letzte Projekte Kooperation mit dem Stadtmuseum Berlin (Landesmuseum f\u00fcr Kultur und Geschichte Berlins) zur Vermittlung von Stadtgeschichte(n) aus dem Barock mit und f\u00fcr Jugendliche der Gegenwart (Ausstellung:\u00a0Schloss.Stadt.Berlin.) &#8211; Berlin 2017 Kooperation mit dem Stadtmuseum Berlin (Landesmuseum f\u00fcr Kultur und Geschichte Berlins) zu Frauengeschichte und Oral History in Berlin-Moabit (Ausstellung: Berlin &#8211; Stadt [&hellip;]<\/p>\n","protected":false},"author":1,"featured_media":0,"parent":0,"menu_order":2,"comment_status":"open","ping_status":"open","template":"","meta":{"footnotes":""},"class_list":["post-10","page","type-page","status-publish","hentry"],"_links":{"self":[{"href":"https:\/\/www.waentig.de\/index.php?rest_route=\/wp\/v2\/pages\/10"}],"collection":[{"href":"https:\/\/www.waentig.de\/index.php?rest_route=\/wp\/v2\/pages"}],"about":[{"href":"https:\/\/www.waentig.de\/index.php?rest_route=\/wp\/v2\/types\/page"}],"author":[{"embeddable":true,"href":"https:\/\/www.waentig.de\/index.php?rest_route=\/wp\/v2\/users\/1"}],"replies":[{"embeddable":true,"href":"https:\/\/www.waentig.de\/index.php?rest_route=%2Fwp%2Fv2%2Fcomments&post=10"}],"version-history":[{"count":22,"href":"https:\/\/www.waentig.de\/index.php?rest_route=\/wp\/v2\/pages\/10\/revisions"}],"predecessor-version":[{"id":99,"href":"https:\/\/www.waentig.de\/index.php?rest_route=\/wp\/v2\/pages\/10\/revisions\/99"}],"wp:attachment":[{"href":"https:\/\/www.waentig.de\/index.php?rest_route=%2Fwp%2Fv2%2Fmedia&parent=10"}],"curies":[{"name":"wp","href":"https:\/\/api.w.org\/{rel}","templated":true}]}}